{"id":17,"date":"2016-02-22T18:57:25","date_gmt":"2016-02-22T17:57:25","guid":{"rendered":"http:\/\/almazanarquitecto.es\/?page_id=17"},"modified":"2019-10-22T17:44:32","modified_gmt":"2019-10-22T16:44:32","slug":"politica-de-proteccion-de-datos","status":"publish","type":"page","link":"http:\/\/almazanarquitecto.es\/blog\/index.php\/avisos\/politica-de-proteccion-de-datos\/","title":{"rendered":"Pol\u00edtica de Protecci\u00f3n de Datos"},"content":{"rendered":"<div class=\"fusion-fullwidth fullwidth-box hundred-percent-fullwidth non-hundred-percent-height-scrolling\"  style='background-color: rgba(255,255,255,0);background-position: center center;background-repeat: no-repeat;padding-top:0px;padding-right:0px;padding-bottom:0px;padding-left:0px;border-top-width:0px;border-bottom-width:0px;border-color:#eae9e9;border-top-style:solid;border-bottom-style:solid;'><div class=\"fusion-builder-row fusion-row \"><div  class=\"fusion-layout-column fusion_builder_column fusion_builder_column_1_1 fusion-builder-column-1 fusion-one-full fusion-column-first fusion-column-last fusion-column-no-min-height 1_1\"  style='margin-top:0px;margin-bottom:0px;'>\n\t\t\t\t\t<div class=\"fusion-column-wrapper\" style=\"background-position:left top;background-repeat:no-repeat;-webkit-background-size:cover;-moz-background-size:cover;-o-background-size:cover;background-size:cover;\"   data-bg-url=\"\">\n\t\t\t\t\t\t<style type=\"text\/css\" scoped=\"scoped\">.fusion-accordian  #accordion-17-1 .panel-title a .fa-fusion-box{ color: #ffffff;}.fusion-accordian  #accordion-17-1 .panel-title a .fa-fusion-box:before{ font-size: 13px; width: 13px;}.fusion-accordian  #accordion-17-1 .panel-title a{font-size:18px;}.fusion-accordian  #accordion-17-1 .fa-fusion-box { background-color: #333333;border-color: #333333;}.fusion-accordian  #accordion-17-1 .panel-title a:hover, #accordion-17-1 .fusion-toggle-boxed-mode:hover .panel-title a { color: #ff0000;}.fusion-accordian  #accordion-17-1 .panel-title .active .fa-fusion-box,.fusion-accordian  #accordion-17-1 .panel-title a:hover .fa-fusion-box { background-color: #ff0000!important;border-color: #ff0000!important;}<\/style><div class=\"accordian fusion-accordian\"><div class=\"panel-group\" id=\"accordion-17-1\"><div class=\"fusion-panel panel-default\"><div class=\"panel-heading\"><h4 class=\"panel-title toggle\"><a class=\"active\" data-toggle=\"collapse\" data-parent=\"#accordion-17-1\" data-target=\"#5c8a8ca827a2520a2\" href=\"#5c8a8ca827a2520a2\"><div class=\"fusion-toggle-icon-wrapper\"><i class=\"fa-fusion-box\"><\/i><\/div><div class=\"fusion-toggle-heading\">Incorporaci\u00f3n de datos personales al fichero propiedad de ALMAZ\u00c1N &amp; ASOCIADOS ARQUITECTOS SLP<\/div><\/a><\/h4><\/div><div id=\"5c8a8ca827a2520a2\" class=\"panel-collapse collapse in\"><div class=\"panel-body toggle-content fusion-clearfix\">De conformidad con lo establecido en la Ley Org\u00e1nica 15\/1999, de 13 de diciembre, de Protecci\u00f3n de Datos de Car\u00e1cter Personal (en adelante, \u201cLOPD\u201d), se informa que todos los datos personales que el\u00a0<strong>Usuario<\/strong>\u00a0facilite a trav\u00e9s de este\u00a0<strong>Sitio Web<\/strong>\u00a0ser\u00e1n incorporados y tratados en los ficheros titularidad de\u00a0<strong>JUAN FRANCISCO ALMAZ\u00c1N L\u00d3PEZ<\/strong>, con\u00a0N<strong>IF 75010295G<\/strong>, en representaci\u00f3n de\u00a0<strong>ALMAZ\u00c1N &amp; ASOCIADOS ARQUITECTOS, \u00a0S.L.P.<\/strong>, con CIF B23285125 y domicilio empresarial en la\u00a0<strong>C\/ General Lastres, 11-1\u00ba B<\/strong> del municipio <strong>Alcal\u00e1 La Real<\/strong>, en la provincia de <strong>Ja\u00e9n<\/strong>, para las siguientes finalidades:<\/p>\n<ul class=\"fusion-checklist fusion-checklist-1\" style=\"font-size:13px;line-height:22.1px;\">\n<li class=\"fusion-li-item\"><span style=\"height:22.1px;width:22.1px;margin-right:9.1px;\" class=\"icon-wrapper circle-no\"><i class=\"fusion-li-icon  fa fa-angle-right\" style=\"color:#ff0000;\"><\/i><\/span><div class=\"fusion-li-item-content\" style=\"margin-left:31.2px;\">\nPosibilitar la prestaci\u00f3n de los servicios solicitados.<\/div><\/li>\n<li class=\"fusion-li-item\"><span style=\"height:22.1px;width:22.1px;margin-right:9.1px;\" class=\"icon-wrapper circle-no\"><i class=\"fusion-li-icon  fa fa-angle-right\" style=\"color:#ff0000;\"><\/i><\/span><div class=\"fusion-li-item-content\" style=\"margin-left:31.2px;\">\nMantenerle informado, incluso por medios electr\u00f3nicos, sobre las novedades, productos y servicios de\u00a0<strong>ALMAZ\u00c1N &amp; ASOCIADOS ARQUITECTOS SLP<\/strong>.<\/div><\/li>\n<\/ul>\n<p>La cumplimentaci\u00f3n de todos los datos solicitados a trav\u00e9s del\u00a0<strong>Sitio Web<\/strong>\u00a0es necesaria para lograr una \u00f3ptima prestaci\u00f3n de los servicios puestos a disposici\u00f3n del\u00a0<strong>Usuario<\/strong>. De no facilitarse todos los datos,\u00a0<strong>ALMAZ\u00c1N &amp; ASOCIADOS ARQUITECTOS SLP<\/strong>\u00a0no garantiza que la informaci\u00f3n y servicios facilitados puedan prestarse, se presten correctamente o se ajusten a las necesidades del\u00a0<strong>Usuario<\/strong>.<\/div><\/div><\/div><div class=\"fusion-panel panel-default\"><div class=\"panel-heading\"><h4 class=\"panel-title toggle\"><a data-toggle=\"collapse\" data-parent=\"#accordion-17-1\" data-target=\"#f0e3322fd209d969b\" href=\"#f0e3322fd209d969b\"><div class=\"fusion-toggle-icon-wrapper\"><i class=\"fa-fusion-box\"><\/i><\/div><div class=\"fusion-toggle-heading\">Ejercicio de derechos<\/div><\/a><\/h4><\/div><div id=\"f0e3322fd209d969b\" class=\"panel-collapse collapse \"><div class=\"panel-body toggle-content fusion-clearfix\">El Usuario puede ejercer sus derechos de acceso, rectificaci\u00f3n, cancelaci\u00f3n y oposici\u00f3n previstos en la LOPD mediante una comunicaci\u00f3n escrita dirigida a:<\/p>\n<ul class=\"fusion-checklist fusion-checklist-2\" style=\"font-size:13px;line-height:22.1px;\">\n<li class=\"fusion-li-item\"><span style=\"background-color:red;font-size:11.44px;height:22.1px;width:22.1px;margin-right:9.1px;\" class=\"icon-wrapper circle-yes\"><i class=\"fusion-li-icon  fa fa-envelope-o\" style=\"color:white;\"><\/i><\/span><div class=\"fusion-li-item-content\" style=\"margin-left:31.2px;\">\n<strong>ALMAZ\u00c1N &amp; ASOCIADOS ARQUITECTOS SLP<\/strong><br \/>\nC\/ General Lastres, 11-1\u00baB<br \/>\n23.680 Alcal\u00e1 La Real (Ja\u00e9n)<\/div><\/li>\n<\/ul>\n<p>O bien mediante correo electr\u00f3nico dirigido a\u00a0<a href=\"mailto:info@almazanarquitecto.es\">info@almazanarquitecto.es<\/a>, o personalmente en nuestra sede acreditando su identidad.<\/p>\n<p>En todos los casos el\u00a0<strong>Usuario <\/strong>interesado deber\u00e1 acompa\u00f1ar una copia de su Documento Nacional de Identidad, pasaporte u otro documento v\u00e1lido que lo identifique.<\/div><\/div><\/div><div class=\"fusion-panel panel-default\"><div class=\"panel-heading\"><h4 class=\"panel-title toggle\"><a data-toggle=\"collapse\" data-parent=\"#accordion-17-1\" data-target=\"#8f78cfc2aae5a5c4b\" href=\"#8f78cfc2aae5a5c4b\"><div class=\"fusion-toggle-icon-wrapper\"><i class=\"fa-fusion-box\"><\/i><\/div><div class=\"fusion-toggle-heading\">Prohibici\u00f3n de registro para menores<\/div><\/a><\/h4><\/div><div id=\"8f78cfc2aae5a5c4b\" class=\"panel-collapse collapse \"><div class=\"panel-body toggle-content fusion-clearfix\">Los menores de 14 a\u00f1os no deben facilitar sus datos personales a\u00a0<strong>ALMAZ\u00c1N &amp; ASOCIADOS ARQUITECTOS SLP<\/strong> sin previo consentimiento de sus padres o tutores legales.<\/p>\n<p>Por favor, si eres menor pide antes a tus padres o tutores que se pongan en contacto con nosotros.<\/div><\/div><\/div><div class=\"fusion-panel panel-default\"><div class=\"panel-heading\"><h4 class=\"panel-title toggle\"><a data-toggle=\"collapse\" data-parent=\"#accordion-17-1\" data-target=\"#ea2349df25f2a2edf\" href=\"#ea2349df25f2a2edf\"><div class=\"fusion-toggle-icon-wrapper\"><i class=\"fa-fusion-box\"><\/i><\/div><div class=\"fusion-toggle-heading\">Obligaciones del Usuario<\/div><\/a><\/h4><\/div><div id=\"ea2349df25f2a2edf\" class=\"panel-collapse collapse \"><div class=\"panel-body toggle-content fusion-clearfix\">Los datos introducidos por el\u00a0<strong>Usuario<\/strong>\u00a0deber\u00e1n ser exactos, actuales y veraces en todo momento.<\/p>\n<p>En caso de asignarse al\u00a0<strong>Usuario<\/strong>\u00a0registrado una contrase\u00f1a, \u00e9ste ser\u00e1 responsable en todo momento de su custodia, asumiendo en consecuencia cualesquiera da\u00f1os y perjuicios que pudieran derivarse de su uso indebido, as\u00ed como de la cesi\u00f3n, revelaci\u00f3n o extrav\u00edo de la misma. A estos efectos, el acceso a \u00e1reas restringidas y\/o el uso de los servicios y contenidos, realizado bajo el acceso identificado por contrase\u00f1a de un\u00a0<strong>Usuario<\/strong>\u00a0registrado se reputar\u00e1n realizados por dicho\u00a0<strong>Usuario<\/strong>\u00a0registrado, quien responder\u00e1 en todo caso de dicho acceso y uso.<\/p>\n<p>El\u00a0<strong>Usuario<\/strong>\u00a0se obliga a mantener indemne a\u00a0<strong>ALMAZ\u00c1N &amp; ASOCIADOS ARQUITECTOS SLP<\/strong> ante cualquier posible reclamaci\u00f3n, multa o sanci\u00f3n que pueda venir obligada a soportar como consecuencia del incumplimiento por parte del\u00a0<strong>Usuario<\/strong>\u00a0de la presente Pol\u00edtica de Protecci\u00f3n de Datos de Car\u00e1cter Personal.<\/div><\/div><\/div><div class=\"fusion-panel panel-default\"><div class=\"panel-heading\"><h4 class=\"panel-title toggle\"><a data-toggle=\"collapse\" data-parent=\"#accordion-17-1\" data-target=\"#34700543edad4fdf1\" href=\"#34700543edad4fdf1\"><div class=\"fusion-toggle-icon-wrapper\"><i class=\"fa-fusion-box\"><\/i><\/div><div class=\"fusion-toggle-heading\">Transferencia internacional de datos<\/div><\/a><\/h4><\/div><div id=\"34700543edad4fdf1\" class=\"panel-collapse collapse \"><div class=\"panel-body toggle-content fusion-clearfix\">Se informa al\u00a0<strong>Usuario<\/strong>\u00a0que\u00a0<strong>ALMAZ\u00c1N &amp; ASOCIADOS ARQUITECTOS SLP<\/strong> utiliza servicios de respuesta autom\u00e1tica, gestionados por terceros, con la \u00fanica finalidad de facilitar una respuesta autom\u00e1tica a algunas de las peticiones que el\u00a0<strong>Usuario<\/strong>\u00a0pueda solicitar a trav\u00e9s del\u00a0<strong>Sitio Web<\/strong>, sin que de ello se derive transferencia internacional de datos.<\/div><\/div><\/div><div class=\"fusion-panel panel-default\"><div class=\"panel-heading\"><h4 class=\"panel-title toggle\"><a data-toggle=\"collapse\" data-parent=\"#accordion-17-1\" data-target=\"#a34351d2b62714901\" href=\"#a34351d2b62714901\"><div class=\"fusion-toggle-icon-wrapper\"><i class=\"fa-fusion-box\"><\/i><\/div><div class=\"fusion-toggle-heading\">Comunicaci\u00f3n de datos<\/div><\/a><\/h4><\/div><div id=\"a34351d2b62714901\" class=\"panel-collapse collapse \"><div class=\"panel-body toggle-content fusion-clearfix\"><strong>ALMAZ\u00c1N &amp; ASOCIADOS ARQUITECTOS SLP<\/strong>\u00a0no comunicar\u00e1 ni har\u00e1 cesi\u00f3n temporal de los datos personales del\u00a0<strong>Usuario<\/strong>\u00a0a terceros bajo ning\u00fan concepto, quedando la custodia de dichos datos y la salvaguarda de su privacidad bajo la responsabilidad de\u00a0<strong>ALMAZ\u00c1N &amp; ASOCIADOS ARQUITECTOS SLP.<\/strong><\/div><\/div><\/div><\/div><\/div><div class=\"fusion-clearfix\"><\/div>\n\n\t\t\t\t\t<\/div>\n\t\t\t\t<\/div><\/div><\/div>\n","protected":false},"excerpt":{"rendered":"","protected":false},"author":2,"featured_media":0,"parent":8,"menu_order":0,"comment_status":"closed","ping_status":"closed","template":"","meta":[],"_links":{"self":[{"href":"http:\/\/almazanarquitecto.es\/blog\/index.php\/wp-json\/wp\/v2\/pages\/17"}],"collection":[{"href":"http:\/\/almazanarquitecto.es\/blog\/index.php\/wp-json\/wp\/v2\/pages"}],"about":[{"href":"http:\/\/almazanarquitecto.es\/blog\/index.php\/wp-json\/wp\/v2\/types\/page"}],"author":[{"embeddable":true,"href":"http:\/\/almazanarquitecto.es\/blog\/index.php\/wp-json\/wp\/v2\/users\/2"}],"replies":[{"embeddable":true,"href":"http:\/\/almazanarquitecto.es\/blog\/index.php\/wp-json\/wp\/v2\/comments?post=17"}],"version-history":[{"count":12,"href":"http:\/\/almazanarquitecto.es\/blog\/index.php\/wp-json\/wp\/v2\/pages\/17\/revisions"}],"predecessor-version":[{"id":1258,"href":"http:\/\/almazanarquitecto.es\/blog\/index.php\/wp-json\/wp\/v2\/pages\/17\/revisions\/1258"}],"up":[{"embeddable":true,"href":"http:\/\/almazanarquitecto.es\/blog\/index.php\/wp-json\/wp\/v2\/pages\/8"}],"wp:attachment":[{"href":"http:\/\/almazanarquitecto.es\/blog\/index.php\/wp-json\/wp\/v2\/media?parent=17"}],"curies":[{"name":"wp","href":"https:\/\/api.w.org\/{rel}","templated":true}]}}